{"id":2688,"date":"2017-02-13T04:57:53","date_gmt":"2017-02-13T04:57:53","guid":{"rendered":"http:\/\/themes.potenzaglobal.com\/cardealer\/?page_id=2688"},"modified":"2024-02-23T10:49:39","modified_gmt":"2024-02-23T09:49:39","slug":"privacy-policy-2","status":"publish","type":"page","link":"https:\/\/www.italcamion.net\/nuovosito\/privacy-policy-2\/","title":{"rendered":"Privacy Policy"},"content":{"rendered":"<h1 class=\"privacy-policy-h1\">Privacy Policy<\/h1>\n<p>Ultimo aggiornamento: 21-Feb-2024<\/p>\n<p>Data di efficacia: 21-Feb-2024<\/p>\n<p class=\"privacy-policy-p\">La presente Privacy Policy descrive le politiche di Italcamion s.r.l., Via S.P. Pedemontana n. 2, S. S. 16 Adriatica, 66022 FOSSACESIA (CH), Italia, email: <a href=\"mailto:info@italcamion.net\">info@italcamion.net<\/a>,<br \/>\nphone: 0872 607641, sulla raccolta, utilizzo e divulgazione delle informazioni quando viene consultato il sito web dell\u2019azienda ( <a href=\"https:\/\/www.italcamion.net\">https:\/\/www.italcamion.net<\/a>).<\/p>\n<p>Servizio \/ Sito web<br \/>\nAccedendo al sito web e utilizzando il Servizio, si acconsente alla raccolta, all\u2019uso e alla divulgazione delle informazioni concesse in conformit\u00e0 alla presente Informativa sulla privacy.<br \/>\nSe non si vuole acconsentire, si prega di non accedere o utilizzare\u00a0 il Servizio \/ Sito web nella selezione dei mezzi proposti o nella richiesta di semplici informazioni.<\/p>\n<p class=\"privacy-policy-p\">Possiamo modificare questa Informativa\u00a0 e Politica sulla privacy in qualsiasi momento senza alcun preavviso, pubblicandola di nuovo in questa stessa sezione e pagina del sito. L\u2019Informativa rivista rester\u00e0 in vigore 180 giorni dopo la sua pubblicazione e l\u2019accesso o l\u2019uso continuato del Servizio \/ Sito web dopo tale data costituir\u00e0 l\u2019accettazione dell\u2019Informativa sulla privacy modificata. Si consiglia pertanto di consultare periodicamente questa pagina.<\/p>\n<ol class=\"privacy-policy-ol\">\n<li>\n<h2 class=\"privacy-policy-h2\">INFORMAZIONI RACCOLTE<\/h2>\n<p class=\"privacy-policy-p\">Italcamion s.r.l. raccoglier\u00e0 ed elaborer\u00e0 le seguenti informazioni personali:<\/p>\n<ol class=\"privacy-policy-ol\">\n<li>Generalit\u00e0 (none e cognome)<\/li>\n<li>Email<\/li>\n<li>Numero di telefono<\/li>\n<li>Sede Legale \/ Indirizzo di lavoro<\/li>\n<\/ol>\n<\/li>\n<li>\n<h2 class=\"privacy-policy-h2\">COME UTILIZZIAMO LE INFORMAZIONI<\/h2>\n<p class=\"privacy-policy-p\">L\u2019azienda utilizzer\u00e0 le informazioni raccolte per i seguenti scopi:<\/p>\n<ol class=\"privacy-policy-ol\">\n<li>Marketing\/Promozione<\/li>\n<li>Creazione account utente<\/li>\n<li>Testimonianze<\/li>\n<li>Raccolta feedback degli utenti<\/li>\n<li>Gestire le richieste dell\u2019utente<\/li>\n<\/ol>\n<p class=\"privacy-policy-p\">Nel caso Italcamion s.r.l. avesse necessit\u00e0 di utilizzare le informazioni raccolte per qualsiasi altro scopo, sar\u00e0 chiesto il consenso all\u2019utente titolare. Solo dopo aver ricevuto tale approvazione, e solo per lo scopo dichiarato, i dati potranno essere utilizzati, a meno che Italcamion s.r.l. non sar\u00e0 tenuta a fare diversamente e\/o altrimenti per motivi richiesti dalla legge.<\/p>\n<\/li>\n<li>\n<h2 class=\"privacy-policy-h2\">CONSERVAZIONE DELLE INFORMAZIONI<\/h2>\n<p class=\"privacy-policy-p\">Italcamion s.r.l. deterr\u00e0 le informazioni personali dell\u2019utente fino a quando non sar\u00e0 erogato il servizio, e\/o per tutto il tempo necessario a soddisfare gli scopi per cui sono state raccolte, come specificato nella presente Informativa sulla privacy. L\u2019azienda potrebbe aver bisogno di conservare alcune informazioni per periodi pi\u00f9 lunghi, ad esempio per la tenuta dei registri\/rapporti in conformit\u00e0 con la legge applicabile o per altri motivi legittimi come l\u2019applicazione dei diritti legali, la prevenzione delle frodi, ecc. Le informazioni anonime residue e le informazioni aggregate, che non identificano l\u2019utente (direttamente o indirettamente), possono essere conservate a tempo indeterminato.<\/p>\n<\/li>\n<li>\n<h2 class=\"privacy-policy-h2\">I DIRITTI DELL\u2019UTENTE<\/h2>\n<p class=\"privacy-policy-p\">A seconda della legge applicabile, l\u2019utente pu\u00f2 avere il diritto di accedere ai propri dati personali, di rettificarli o cancellarli o di riceverne una copia, di limitare o di opporsi al trattamento attivo dei propri dati, di chiedere a Italcamion s.r.l. di condividere (trasferire) i propri dati personali a un\u2019altra entit\u00e0, di revocare il consenso al trattamento dei propri dati forniti dall\u2019utente, di presentare un reclamo a un\u2019autorit\u00e0 legale e di applicare gli altri diritti previsti dalle leggi applicabili. Per esercitare questi diritti, potete scrivere all\u2019indirizzo <a href=\"mailto:info@italcamion.net\">info@italcamion.net<\/a>. L\u2019azienda risponder\u00e0 alla vostra richiesta in conformit\u00e0 alla legge applicabile.<\/p>\n<p class=\"privacy-policy-p\">\u2028\u00c8 possibile rinunciare alle comunicazioni di marketing diretto o alla profilazione che Italcamion s.r.l. potrebbe effettuare\u00a0 per scopi di marketing, scrivendo all\u2019indirizzo info@italcamion.net.<\/p>\n<p class=\"privacy-policy-p\">Si noti che se non si consente alla raccolta o all\u2019elaborazione delle informazioni personali richieste, o si ritira il consenso alla programmazione delle stesse per gli scopi richiesti, potrebbe non essere possibile accedere o utilizzare i servizi per i quali si vorrebbe o sono state richieste le informazioni.<\/p>\n<\/li>\n<li>\n<h2 class=\"privacy-policy-h2\">COOKIE ETC.<\/h2>\n<p>Per saperne di pi\u00f9 sulle modalit\u00e0 di utilizzo e sulle scelte dell\u2019utente in relazione a queste tecnologie di tracciamento, consultare la nostra Informativa sui cookie <a href=\"https:\/\/www.italcamion.net\/nuovosito\/cookie-policy-2\">Cookie Policy<\/a>.<\/li>\n<li>\n<h2 class=\"privacy-policy-h2\">SICUREZZA<\/h2>\n<p class=\"privacy-policy-p\">La sicurezza delle informazioni dell\u2019utente \u00e8 importante, per la qual cosa l\u2019azienda utilizza misure ragionevoli per prevenirne la perdita, l\u2019uso improprio o l\u2019alterazione non autorizzata delle informazioni sotto il controllo aziendale. Tuttavia, Italcamion s.r.l., dati i rischi intrinseci, non pu\u00f2 garantire la loro sicurezza assoluta e, di conseguenza, non pu\u00f2 assicurare o garantire la sicurezza delle informazioni trasmesse, per cui \u00e8 bene che l\u2019utente sia consapevole di questo e se ne assuma la piena responsabilit\u00e0.<\/p>\n<\/li>\n<li>\n<h2 class=\"privacy-policy-h2\">LINK DI TERZE PARTI E UTILIZZO DELLE INFORMAZIONI RICEVUTE<\/h2>\n<p class=\"privacy-policy-p\">Il sito web www.italcamion.net pu\u00f2 contenere link ad altri siti web che non sono gestiti da Italcamion s.r.l. La presente Informativa sulla privacy non riguarda l\u2019informativa sulla privacy e le altre pratiche di terzi, compresi i manutentori e i gestori di hosting degli eventuali siti web e\/o servizi accessibili tramite un link fornito dal presente sito web aziendale. Si consiglia vivamente all\u2019utente di prendere visione dell\u2019informativa sulla privacy di ogni sito visitato. Italcamion s.r.l. non ha alcun controllo sui siti di terze parti, per cui non si assume alcuna responsabilit\u00e0 per il contenuto, le politiche sulla privacy o le pratiche di siti o servizi di terzi.<\/p>\n<\/li>\n<li>\n<h2 class=\"privacy-policy-h2\">RECLAMO \/ RESPONSABILE DELLA PROTEZIONE DATI<\/h2>\n<p class=\"privacy-policy-p\">Se ci sono domande o dubbi sul trattamento delle informazioni fornite e concesse, disponibili presso la Italcamion s.r.l., \u00e8 possibile inviare un\u2019e-mail all\u2019Ufficio Reclami dell\u2019azienda:<br \/>\nItalcamion s.r.l.<br \/>\nVia S.P. Pedemontana n. 2, S. S. 16 Adriatica<br \/>\n66022 FOSSACESIA (CH)<br \/>\ne-mail: <a href=\"mailto:info@italcamion.net\">info@italcamion.net<\/a>.<\/p>\n<p>Il personale incaricato si occuper\u00e0 di evadere le richieste di reclamo in conformit\u00e0 con la legge applicabile.<\/li>\n<\/ol>\n<p class=\"privacy-policy-p\">Privacy Policy generata da <a href=\"https:\/\/www.cookieyes.com\/?utm_source=PP&amp;utm_medium=footer&amp;utm_campaign=UW\" target=\"_blank\" rel=\"noopener\">CookieYes<\/a>.<\/p>\n","protected":false},"excerpt":{"rendered":"<p>Privacy Policy Ultimo aggiornamento: 21-Feb-2024 Data di efficacia: 21-Feb-2024 La presente Privacy Policy descrive le politiche di Italcamion s.r.l., Via S.P. Pedemontana n. 2, S. S. 16 Adriatica, 66022 FOSSACESIA (CH), Italia, email: info@italcamion.net, phone: 0872 607641, sulla raccolta, utilizzo e divulgazione delle informazioni quando viene consultato il sito web dell\u2019azienda ( https:\/\/www.italcamion.net). Servizio \/ [&hellip;]<\/p>\n","protected":false},"author":1,"featured_media":0,"parent":0,"menu_order":0,"comment_status":"closed","ping_status":"closed","template":"templates\/page-vc_compatible.php","meta":{"footnotes":""},"class_list":["post-2688","page","type-page","status-publish","hentry"],"_links":{"self":[{"href":"https:\/\/www.italcamion.net\/nuovosito\/wp-json\/wp\/v2\/pages\/2688","targetHints":{"allow":["GET"]}}],"collection":[{"href":"https:\/\/www.italcamion.net\/nuovosito\/wp-json\/wp\/v2\/pages"}],"about":[{"href":"https:\/\/www.italcamion.net\/nuovosito\/wp-json\/wp\/v2\/types\/page"}],"author":[{"embeddable":true,"href":"https:\/\/www.italcamion.net\/nuovosito\/wp-json\/wp\/v2\/users\/1"}],"replies":[{"embeddable":true,"href":"https:\/\/www.italcamion.net\/nuovosito\/wp-json\/wp\/v2\/comments?post=2688"}],"version-history":[{"count":4,"href":"https:\/\/www.italcamion.net\/nuovosito\/wp-json\/wp\/v2\/pages\/2688\/revisions"}],"predecessor-version":[{"id":9389,"href":"https:\/\/www.italcamion.net\/nuovosito\/wp-json\/wp\/v2\/pages\/2688\/revisions\/9389"}],"wp:attachment":[{"href":"https:\/\/www.italcamion.net\/nuovosito\/wp-json\/wp\/v2\/media?parent=2688"}],"curies":[{"name":"wp","href":"https:\/\/api.w.org\/{rel}","templated":true}]}}