{"id":3,"date":"2021-06-28T17:55:24","date_gmt":"2021-06-28T15:55:24","guid":{"rendered":"http:\/\/localhost\/www.italcamion_3.net\/?page_id=3"},"modified":"2024-02-22T17:27:50","modified_gmt":"2024-02-22T16:27:50","slug":"privacy-policy-3","status":"publish","type":"page","link":"http:\/\/www.italcamion.net\/nuovosito\/privacy-policy-3\/","title":{"rendered":"Privacy policy"},"content":{"rendered":"\r\n<h2 class=\"wp-block-heading\">Privacy Policy<\/h2>\r\n\r\n\r\n\r\n<p>URL: www.italcamion.net\/nuovosito\/privacy-policy-2<br \/>Ultimo aggiornamento: 21-Feb-2024<br \/>Data di efficacia: 21-Feb-2024<\/p>\r\n\r\n\r\n\r\n<p>La presente Privacy Policy descrive le politiche di Italcamion s.r.l., Via S.P. Pedemontana n. 2, S. S. 16 Adriatica, 66022 FOSSACESIA (CH), Italia, email: <a href=\"mailto:info@italcamion.net\">info@italcamion.net<\/a>, telefono: 0872607641, sulla raccolta, utilizzo e divulgazione delle informazioni quando viene consultato il sito web dell&#8217;azienda ( <a href=\"https:\/\/www.italcamion.net\">https:\/\/www.italcamion.net<\/a>).<br \/><br \/><em>Servizio \/ Sito web<br \/><\/em>Accedendo o utilizzando il Servizio, si acconsente alla raccolta, all&#8217;uso e alla divulgazione delle informazioni concesse in conformit\u00e0 alla presente Informativa sulla privacy.<br \/>Se non si vuole acconsentire, si prega di non accedere o utilizzare\u00a0 il Servizio \/ Sito web nella selezione dei mezzi proposti o nella richiesta di semplici informazioni.<br \/><br \/>Possiamo modificare questa Informativa\u00a0 e Politica sulla privacy in qualsiasi momento senza alcun preavviso, pubblicandola di nuovo in questa stessa sezione e pagina del sito. L&#8217;Informativa rivista rester\u00e0 in vigore 180 giorni dopo la sua pubblicazione e l&#8217;accesso o l&#8217;uso continuato del Servizio \/ Sito web dopo tale data costituir\u00e0 l&#8217;accettazione dell&#8217;Informativa sulla privacy modificata. Si consiglia pertanto di consultare periodicamente questa pagina.<\/p>\r\n\r\n\r\n\r\n<h2 class=\"wp-block-heading\">Informazioni raccolte<\/h2>\r\n\r\n\r\n\r\n<p>Italcamion s.r.l. raccoglier\u00e0 ed elaborer\u00e0 le seguenti informazioni personali:<br \/><strong>&#8211; Generalit\u00e0 (nome e cognome)<\/strong><br \/><strong>&#8211; Email <\/strong><br \/><strong>&#8211; Numero di telefono<\/strong><br \/><strong>&#8211; Indirizzo di lavoro<\/strong><\/p>\r\n\r\n\r\n\r\n<h2 class=\"wp-block-heading\">Come utilizziamo le informazioni<\/h2>\r\n\r\n\r\n\r\n<p>L&#8217;azienda utilizzer\u00e0 le informazioni raccolte per i seguenti scopi:<br \/><strong>&#8211; Marketing\/ Promozione<\/strong><br \/><strong>&#8211; Creare un account utente<\/strong><br \/><strong>&#8211; Testimonianze<\/strong><br \/><strong>&#8211; Raccolta di feedback degli utenti<\/strong><br \/><strong>&#8211; Gestire l&#8217;ordine del cliente<\/strong><br \/>Nel caso Italcamion s.r.l. avesse necessit\u00e0 di utilizzare le informazioni raccolte per qualsiasi altro scopo, sar\u00e0 chiesto il consenso all&#8217;utente titolare. Solo dopo aver ricevuto tale approvazione, e solo per lo scopo dichiarato, i dati potranno essere utilizzati, a meno che Italcamion s.r.l. non sar\u00e0 tenuta a fare diversamente e\/o altrimenti per motivi richiesti dalla legge.<\/p>\r\n\r\n\r\n\r\n<h2 class=\"wp-block-heading\">Conservazione delle informazioni<\/h2>\r\n\r\n\r\n\r\n<p>Italcamion s.r.l. deterr\u00e0 le informazioni personali dell&#8217;utente fino a quando non sar\u00e0 erogato il servizio, e\/o per tutto il tempo necessario a soddisfare gli scopi per cui sono state raccolte, come specificato nella presente Informativa sulla privacy. L&#8217;azienda potrebbe aver bisogno di conservare alcune informazioni per periodi pi\u00f9 lunghi, ad esempio per la tenuta dei registri\/rapporti in conformit\u00e0 con la legge applicabile o per altri motivi legittimi come l&#8217;applicazione dei diritti legali, la prevenzione delle frodi, ecc. Le informazioni anonime residue e le informazioni aggregate, che non identificano l&#8217;utente (direttamente o indirettamente), possono essere conservate a tempo indeterminato.<\/p>\r\n\r\n\r\n\r\n<h2 class=\"wp-block-heading\">I diritti dell&#8217;utente<\/h2>\r\n\r\n\r\n\r\n<p>\u2028A seconda della legge applicabile, l&#8217;utente pu\u00f2 avere il diritto di accedere ai propri dati personali, di rettificarli o cancellarli o di riceverne una copia, di limitare o di opporsi al trattamento attivo dei propri dati, di chiedere a Italcamion s.r.l. di condividere (trasferire) i propri dati personali a un&#8217;altra entit\u00e0, di revocare il consenso al trattamento dei propri dati forniti dall&#8217;utente, di presentare un reclamo a un&#8217;autorit\u00e0 legale e di applicare gli altri diritti previsti dalle leggi applicabili. Per esercitare questi diritti, potete scrivere all&#8217;indirizzo <a href=\"mailto:info@italcamion.net\">info@italcamion.net<\/a>. L&#8217;azienda risponder\u00e0 alla vostra richiesta in conformit\u00e0 alla legge applicabile.\u2028\u00c8 possibile rinunciare alle comunicazioni di marketing diretto o alla profilazione che Italcamion s.r.l. potrebbe effettuare\u00a0 per scopi di marketing, scrivendo all&#8217;indirizzo <a href=\"mailto:info@italcamion.net\">info@italcamion.net<\/a>.\u2028Si noti che se non si consente alla raccolta o all&#8217;elaborazione delle informazioni personali richieste, o si ritira il consenso alla programmazione delle stesse per gli scopi richiesti, potrebbe non essere possibile accedere o utilizzare i servizi per i quali si vorrebbe o sono state richieste le informazioni.<\/p>\r\n\r\n\r\n\r\n<h2 class=\"wp-block-heading\">Cookie ETC.<\/h2>\r\n<p>Per saperne di pi\u00f9 sulle modalit\u00e0 di utilizzo e sulle scelte dell&#8217;utente in relazione a queste tecnologie di tracciamento, consultare la nostra Informativa sui cookie <a href=\"https:\/\/www.italcamion.net\/nuovosito\/cookie-policy-2\">Cookie Policy<\/a>.<\/p>\r\n\r\n\r\n\r\n\r\n\r\n<h2 class=\"wp-block-heading\">Sicurezza<\/h2>\r\n\r\n\r\n\r\n<p>La sicurezza delle informazioni dell&#8217;utente \u00e8 importante, per la qual cosa l&#8217;azienda utilizza misure ragionevoli per prevenirne la perdita, l&#8217;uso improprio o l&#8217;alterazione non autorizzata delle informazioni sotto il controllo aziendale. Tuttavia, Italcamion s.r.l., dati i rischi intrinseci, non pu\u00f2 garantire la loro sicurezza assoluta e, di conseguenza, non pu\u00f2 assicurare o garantire la sicurezza delle informazioni trasmesse, per cui \u00e8 bene che l&#8217;utente sia consapevole di questo e se ne assuma la piena responsabilit\u00e0.<\/p>\r\n\r\n\r\n\r\n<h2 class=\"wp-block-heading\">Link di terze parti e utilizzo delle informazioni ricevute<\/h2>\r\n\r\n\r\n\r\n<p>Il sito web www.italcamion.net pu\u00f2 contenere link ad altri siti web che non sono gestiti da Italcamion s.r.l. La presente Informativa sulla privacy non riguarda l&#8217;informativa sulla privacy e le altre pratiche di terzi, compresi i manutentori e i gestori di hosting degli eventuali siti web e\/o servizi accessibili tramite un link fornito dal presente sito web aziendale. Si consiglia vivamente all&#8217;utente di prendere visione dell&#8217;informativa sulla privacy di ogni sito visitato. Italcamion s.r.l. non ha alcun controllo sui siti di terze parti, per cui non si assume alcuna responsabilit\u00e0 per il contenuto, le politiche sulla privacy o le pratiche di siti o servizi di terzi.<\/p>\r\n<h2>Reclamo \/ Responsabile della protezione dati<\/h2>\r\n<p>\r\n\r\n<\/p>\r\n<p>Se ci sono domande o dubbi sul trattamento delle informazioni fornite e concesse, disponibili presso la Italcamion s.r.l., \u00e8 possibile inviare un&#8217;e-mail all&#8217;Ufficio Reclami dell&#8217;azienda:<br \/><strong>Italcamion s.r.l.<\/strong><br \/><strong>Via S.P. Pedemontana n. 2, S. S. 16 Adriatica<\/strong><br \/><strong>66022 FOSSACESIA (CH)<\/strong><br \/><strong>e-mail: info@italcamion.net.<\/strong><br \/><br \/>Il personale incaricato si occuper\u00e0 di evadere le richieste di reclamo in conformit\u00e0 con la legge applicabile.<\/p>\r\n<p>&nbsp;<\/p>\r\n","protected":false},"excerpt":{"rendered":"<p>Privacy Policy URL: www.italcamion.net\/nuovosito\/privacy-policy-2Ultimo aggiornamento: 21-Feb-2024Data di efficacia: 21-Feb-2024 La presente Privacy Policy descrive le politiche di Italcamion s.r.l., Via S.P. Pedemontana n. 2, S. S. 16 Adriatica, 66022 FOSSACESIA (CH), Italia, email: info@italcamion.net, telefono: 0872607641, sulla raccolta, utilizzo e divulgazione delle informazioni quando viene consultato il sito web dell&#8217;azienda ( https:\/\/www.italcamion.net). Servizio \/ Sito [&hellip;]<\/p>\n","protected":false},"author":1,"featured_media":0,"parent":0,"menu_order":0,"comment_status":"closed","ping_status":"open","template":"","meta":{"footnotes":""},"class_list":["post-3","page","type-page","status-publish","hentry"],"_links":{"self":[{"href":"http:\/\/www.italcamion.net\/nuovosito\/wp-json\/wp\/v2\/pages\/3","targetHints":{"allow":["GET"]}}],"collection":[{"href":"http:\/\/www.italcamion.net\/nuovosito\/wp-json\/wp\/v2\/pages"}],"about":[{"href":"http:\/\/www.italcamion.net\/nuovosito\/wp-json\/wp\/v2\/types\/page"}],"author":[{"embeddable":true,"href":"http:\/\/www.italcamion.net\/nuovosito\/wp-json\/wp\/v2\/users\/1"}],"replies":[{"embeddable":true,"href":"http:\/\/www.italcamion.net\/nuovosito\/wp-json\/wp\/v2\/comments?post=3"}],"version-history":[{"count":16,"href":"http:\/\/www.italcamion.net\/nuovosito\/wp-json\/wp\/v2\/pages\/3\/revisions"}],"predecessor-version":[{"id":9369,"href":"http:\/\/www.italcamion.net\/nuovosito\/wp-json\/wp\/v2\/pages\/3\/revisions\/9369"}],"wp:attachment":[{"href":"http:\/\/www.italcamion.net\/nuovosito\/wp-json\/wp\/v2\/media?parent=3"}],"curies":[{"name":"wp","href":"https:\/\/api.w.org\/{rel}","templated":true}]}}